{"id":9,"date":"2026-03-08T05:50:06","date_gmt":"2026-03-08T04:50:06","guid":{"rendered":"https:\/\/perfectbalance.pt\/?page_id=9"},"modified":"2026-03-11T19:05:42","modified_gmt":"2026-03-11T19:05:42","slug":"inicio","status":"publish","type":"page","link":"https:\/\/perfectbalance.pt\/","title":{"rendered":""},"content":{"rendered":"\n<div class=\"wp-block-cover alignfull is-light\"><img loading=\"lazy\" decoding=\"async\" width=\"1024\" height=\"531\" class=\"wp-block-cover__image-background wp-image-24 size-large\" alt=\"\" src=\"https:\/\/perfectbalance.pt\/wp-content\/uploads\/2026\/03\/Capa-PB-3-e1772949064310-1024x531.jpeg\" data-object-fit=\"cover\" srcset=\"https:\/\/perfectbalance.pt\/wp-content\/uploads\/2026\/03\/Capa-PB-3-e1772949064310-1024x531.jpeg 1024w, https:\/\/perfectbalance.pt\/wp-content\/uploads\/2026\/03\/Capa-PB-3-e1772949064310-300x155.jpeg 300w, https:\/\/perfectbalance.pt\/wp-content\/uploads\/2026\/03\/Capa-PB-3-e1772949064310-768x398.jpeg 768w, https:\/\/perfectbalance.pt\/wp-content\/uploads\/2026\/03\/Capa-PB-3-e1772949064310.jpeg 1536w\" sizes=\"auto, (max-width: 1024px) 100vw, 1024px\" \/><span aria-hidden=\"true\" class=\"wp-block-cover__background has-background-dim\" style=\"background-color:#b68f70\"><\/span><div class=\"wp-block-cover__inner-container has-global-padding is-layout-constrained wp-block-cover-is-layout-constrained\">\n<h2 class=\"wp-block-heading\">Voltar a si<br>\u00e9 o in\u00edcio de toda a transforma\u00e7\u00e3o<\/h2>\n\n\n\n<div class=\"wp-block-buttons is-layout-flex wp-block-buttons-is-layout-flex\">\n<div class=\"wp-block-button\"><a class=\"wp-block-button__link wp-element-button\">Saber mais<\/a><\/div>\n<\/div>\n\n\n\n<p>Um espa\u00e7o dedicado \u00e0 transforma\u00e7\u00e3o pessoal,<br>onde cada pessoa percorre um processo<br>que a ajuda a voltar a si pr\u00f3pria.<\/p>\n<\/div><\/div>\n\n\n\n<div class=\"wp-block-group has-global-padding is-layout-constrained wp-block-group-is-layout-constrained\">\n<h2 class=\"wp-block-heading\">O Processo<\/h2>\n<\/div>\n\n\n\n<p>Uma jornada de transforma\u00e7\u00e3o pessoal.<\/p>\n\n\n\n<div class=\"wp-block-columns is-layout-flex wp-container-core-columns-is-layout-28f84493 wp-block-columns-is-layout-flex\">\n<div class=\"wp-block-column is-layout-flow wp-block-column-is-layout-flow\">\n<h2 class=\"wp-block-heading\">Inteira<\/h2>\n\n\n\n<p>Compreender-se e olhar com honestidade para a pr\u00f3pria hist\u00f3ria.<\/p>\n<\/div>\n\n\n\n<div class=\"wp-block-column is-style-default is-layout-flow wp-block-column-is-layout-flow\">\n<h2 class=\"wp-block-heading\">Alinhada<\/h2>\n\n\n\n<p>Reconhecer padr\u00f5es e come\u00e7ar a fazer escolhas conscientes.<\/p>\n<\/div>\n\n\n\n<div class=\"wp-block-column is-layout-flow wp-block-column-is-layout-flow\">\n<h2 class=\"wp-block-heading\">Ess\u00eancia<\/h2>\n\n\n\n<p>Integrar a transforma\u00e7\u00e3o e viver com maior coer\u00eancia interior.<\/p>\n<\/div>\n<\/div>\n\n\n\n<div class=\"wp-block-cover alignfull is-light\" style=\"min-height:100vh;aspect-ratio:unset;\"><img loading=\"lazy\" decoding=\"async\" width=\"1024\" height=\"683\" class=\"wp-block-cover__image-background wp-image-27 size-large\" alt=\"\" src=\"https:\/\/perfectbalance.pt\/wp-content\/uploads\/2026\/03\/Capa2-1024x683.jpeg\" data-object-fit=\"cover\" srcset=\"https:\/\/perfectbalance.pt\/wp-content\/uploads\/2026\/03\/Capa2-1024x683.jpeg 1024w, https:\/\/perfectbalance.pt\/wp-content\/uploads\/2026\/03\/Capa2-300x200.jpeg 300w, https:\/\/perfectbalance.pt\/wp-content\/uploads\/2026\/03\/Capa2-768x512.jpeg 768w, https:\/\/perfectbalance.pt\/wp-content\/uploads\/2026\/03\/Capa2.jpeg 1536w\" sizes=\"auto, (max-width: 1024px) 100vw, 1024px\" \/><span aria-hidden=\"true\" class=\"wp-block-cover__background has-background-dim\" style=\"background-color:#ac8360\"><\/span><div class=\"wp-block-cover__inner-container has-global-padding is-layout-constrained wp-block-cover-is-layout-constrained\">\n<h2 class=\"wp-block-heading\">O Lugar<\/h2>\n\n\n\n<p>Num ambiente tranquilo, rodeado pela natureza do Alentejo,<br>criam-se as condi\u00e7\u00f5es para parar, respirar e voltar a si.<\/p>\n<\/div><\/div>\n\n\n\n<div class=\"wp-block-group has-global-padding is-layout-constrained wp-block-group-is-layout-constrained\">\n<h2 class=\"wp-block-heading\">Para Quem \u00c9<\/h2>\n<\/div>\n\n\n\n<p>Este espa\u00e7o \u00e9 para pessoas que sentem que chegou o momento de olhar para si pr\u00f3prias com mais verdade. <\/p>\n\n\n\n<div class=\"wp-block-columns alignwide is-layout-flex wp-container-core-columns-is-layout-28f84493 wp-block-columns-is-layout-flex\">\n<div class=\"wp-block-column is-layout-flow wp-block-column-is-layout-flow\">\n<h3 class=\"wp-block-heading\">Quando algo dentro de si pede mudan\u00e7a<\/h3>\n\n\n\n<p>Mesmo quando a vida parece estar estruturada, existe uma sensa\u00e7\u00e3o de desalinhamento interior.<\/p>\n<\/div>\n\n\n\n<div class=\"wp-block-column is-layout-flow wp-block-column-is-layout-flow\">\n<h3 class=\"wp-block-heading\">Quando surge o desejo de compreender-se<\/h3>\n\n\n\n<p class=\"has-text-align-left\">Um espa\u00e7o para olhar para padr\u00f5es, decis\u00f5es e caminhos com maior consci\u00eancia.<\/p>\n<\/div>\n\n\n\n<div class=\"wp-block-column is-layout-flow wp-block-column-is-layout-flow\">\n<h3 class=\"wp-block-heading\">Quando quer voltar \u00e0 sua ess\u00eancia<\/h3>\n\n\n\n<p>Um processo que ajuda a reconectar com aquilo que verdadeiramente se \u00e9.<\/p>\n<\/div>\n<\/div>\n\n\n\n<p><\/p>\n","protected":false},"excerpt":{"rendered":"<p>O Processo Uma jornada de transforma\u00e7\u00e3o pessoal. Inteira Compreender-se e olhar com honestidade para a pr\u00f3pria hist\u00f3ria. Alinhada Reconhecer padr\u00f5es e come\u00e7ar a fazer escolhas conscientes. Ess\u00eancia Integrar a transforma\u00e7\u00e3o e viver com maior coer\u00eancia interior. Para Quem \u00c9 Este espa\u00e7o \u00e9 para pessoas que sentem que chegou o momento de olhar para si pr\u00f3prias [&hellip;]<\/p>\n","protected":false},"author":1,"featured_media":0,"parent":0,"menu_order":0,"comment_status":"closed","ping_status":"closed","template":"","meta":{"footnotes":""},"class_list":["post-9","page","type-page","status-publish","hentry"],"_links":{"self":[{"href":"https:\/\/perfectbalance.pt\/index.php?rest_route=\/wp\/v2\/pages\/9","targetHints":{"allow":["GET"]}}],"collection":[{"href":"https:\/\/perfectbalance.pt\/index.php?rest_route=\/wp\/v2\/pages"}],"about":[{"href":"https:\/\/perfectbalance.pt\/index.php?rest_route=\/wp\/v2\/types\/page"}],"author":[{"embeddable":true,"href":"https:\/\/perfectbalance.pt\/index.php?rest_route=\/wp\/v2\/users\/1"}],"replies":[{"embeddable":true,"href":"https:\/\/perfectbalance.pt\/index.php?rest_route=%2Fwp%2Fv2%2Fcomments&post=9"}],"version-history":[{"count":7,"href":"https:\/\/perfectbalance.pt\/index.php?rest_route=\/wp\/v2\/pages\/9\/revisions"}],"predecessor-version":[{"id":30,"href":"https:\/\/perfectbalance.pt\/index.php?rest_route=\/wp\/v2\/pages\/9\/revisions\/30"}],"wp:attachment":[{"href":"https:\/\/perfectbalance.pt\/index.php?rest_route=%2Fwp%2Fv2%2Fmedia&parent=9"}],"curies":[{"name":"wp","href":"https:\/\/api.w.org\/{rel}","templated":true}]}}